{"id":19,"date":"2024-04-28T23:42:30","date_gmt":"2024-04-28T21:42:30","guid":{"rendered":"https:\/\/rabihamhaz.com\/?page_id=19"},"modified":"2026-02-25T23:28:42","modified_gmt":"2026-02-25T22:28:42","slug":"about","status":"publish","type":"page","link":"https:\/\/rabihamhaz.com\/index.php\/about\/","title":{"rendered":"About"},"content":{"rendered":"\n<div class=\"wp-block-cover alignfull has-custom-content-position is-position-bottom-center\" style=\"padding-top:var(--wp--preset--spacing--70);padding-bottom:var(--wp--preset--spacing--70);min-height:400px;aspect-ratio:unset;\"><img decoding=\"async\" class=\"wp-block-cover__image-background wp-image-81\" alt=\"\" src=\"https:\/\/rabihamhaz.com\/wp-content\/themes\/kenta-creato\/assets\/images\/hero-background.jpg\" style=\"object-position:48% 75%\" data-object-fit=\"cover\" data-object-position=\"48% 75%\"\/><span aria-hidden=\"true\" class=\"wp-block-cover__background has-black-background-color has-background-dim-60 has-background-dim\"><\/span><div class=\"wp-block-cover__inner-container is-layout-constrained wp-block-cover-is-layout-constrained\">\n<div class=\"wp-block-group is-content-justification-center is-layout-constrained wp-container-core-group-is-layout-7096b4ca wp-block-group-is-layout-constrained\"><h1 class=\"has-text-align-center has-link-color wp-elements-0f7d1e4dd4fe1780e1a44df86538a008 wp-block-post-title has-text-color has-white-color has-kenta-font-xlarge-font-size\">About<\/h1>\n\n\n<p class=\"has-text-align-center\">Rabih Amhaz is an Associate Professor, AI research Lead at Icam and iCube University of Strasbourg. Was head of the digital department team at Icam Strasbnourg-Europe campus for 2 years. As a member of the ICube laboratory of the University of Strasbourg, his research lies on Multimodal AI Human Machine Interface, and trustworthy Artificial Intelligence. He applies his research to computer vision, text mining, and graph data structure (graph learning). <br>Between 2016 and 2019, Dr. Rabih built the French Azerbaijani university with a small team as a branch of Strasbourg University at Baku, founding the computer science curriculum. And since 2019, he has created two specialized master&rsquo;s degrees in Industry 4.0 and IoT and leads the digital team on various industrial transition projects.<\/p>\n\n\n\n<p class=\"has-text-align-center\">Graduated with a Ph.D. in computer science from Central Nantes University in 2015.<\/p>\n\n\n\n<p class=\"has-text-align-center has-text-color has-link-color wp-elements-54135ac4583c387660af3837cf3c4bed\" style=\"color:#ffffff99\">Dr. Rabih Amhaz founded the Ra Development platform (<a href=\"http:\/\/radevelopment.net\/\">RaDev<\/a>). Since 2016, Rabih has been an educational engineer.<\/p>\n<\/div>\n\n\n\n<h4 class=\"wp-block-heading\">Recent Media Appearance<\/h4>\n\n\n\n<h3 class=\"wp-block-heading\">Print Media (Newspapers, Magazines, Books, ..)&nbsp;&nbsp;<\/h3>\n\n\n\n<div class=\"wp-block-columns is-layout-flex wp-container-core-columns-is-layout-28f84493 wp-block-columns-is-layout-flex\">\n<div class=\"wp-block-column is-layout-flow wp-block-column-is-layout-flow\">\n<figure class=\"wp-block-image is-resized\"><a href=\"https:\/\/www.infomigrants.net\/ar\/post\/42209\/%D8%A7%D9%84%D8%B0%D9%83%D8%A7%D8%A1-%D8%A7%D9%84%D8%A7%D8%B5%D8%B7%D9%86%D8%A7%D8%B9%D9%8A-%D9%81%D9%8A-%D8%AE%D8%AF%D9%85%D8%A9-%D8%A7%D9%84%D8%B3%D9%8A%D8%A7%D8%B3%D8%A7%D8%AA-%D8%A7%D9%84%D8%A7%D9%88%D8%B1%D9%88%D8%A8%D9%8A%D8%A9-%D9%84%D8%A7%D8%AF%D8%A7%D8%B1%D8%A9-%D8%A7%D9%84%D9%87%D8%AC%D8%B1%D8%A9\"><img decoding=\"async\" src=\"https:\/\/lh7-us.googleusercontent.com\/cX5hK5vVmgqvp1-3R4wYv_4xUesN2eIAvE1Esz8z3hYmX_rat2i-gysTvHzHbV9nD3GbLOBZLsAl4BCDiOavD7z2TgTf2aaWMOIoYVlZA5owPyZVYvaU9zXlLgTxqRJxAFhP0M0nwz4EWIbxetvp7UQ\" alt=\"\" style=\"width:295px;height:auto\"\/><\/a><\/figure>\n<\/div>\n\n\n\n<div class=\"wp-block-column is-layout-flow wp-block-column-is-layout-flow\">\n<p>Newspaper<\/p>\n\n\n\n<p><a href=\"https:\/\/www.infomigrants.net\/ar\/post\/42209\/%D8%A7%D9%84%D8%B0%D9%83%D8%A7%D8%A1-%D8%A7%D9%84%D8%A7%D8%B5%D8%B7%D9%86%D8%A7%D8%B9%D9%8A-%D9%81%D9%8A-%D8%AE%D8%AF%D9%85%D8%A9-%D8%A7%D9%84%D8%B3%D9%8A%D8%A7%D8%B3%D8%A7%D8%AA-%D8%A7%D9%84%D8%A7%D9%88%D8%B1%D9%88%D8%A8%D9%8A%D8%A9-%D9%84%D8%A7%D8%AF%D8%A7%D8%B1%D8%A9-%D8%A7%D9%84%D9%87%D8%AC%D8%B1%D8%A9\">\u201cUsing AI algorithm into the european refugee planning and decisions making\u201d<\/a><\/p>\n\n\n\n<p>Icam Liaisons 209 &#8211; L&rsquo;intelligence artificielle : \u00e9volution ou r\u00e9volution ?<\/p>\n\n\n\n<iframe loading=\"lazy\" style=\"border: 1px solid #777;\" src=\"https:\/\/indd.adobe.com\/embed\/717cd591-22a6-4ec0-bc83-36f75656fb3c?startpage=15&#038;allowFullscreen=true\" width=\"400px\" height=\"283px\" frameborder=\"0\" allowfullscreen=\"\"><\/iframe>\n<\/div>\n<\/div>\n\n\n\n<p><a href=\"https:\/\/www.infomigrants.net\/ar\/post\/42209\/%D8%A7%D9%84%D8%B0%D9%83%D8%A7%D8%A1-%D8%A7%D9%84%D8%A7%D8%B5%D8%B7%D9%86%D8%A7%D8%B9%D9%8A-%D9%81%D9%8A-%D8%AE%D8%AF%D9%85%D8%A9-%D8%A7%D9%84%D8%B3%D9%8A%D8%A7%D8%B3%D8%A7%D8%AA-%D8%A7%D9%84%D8%A7%D9%88%D8%B1%D9%88%D8%A8%D9%8A%D8%A9-%D9%84%D8%A7%D8%AF%D8%A7%D8%B1%D8%A9-%D8%A7%D9%84%D9%87%D8%AC%D8%B1%D8%A9\"><\/a><\/p>\n\n\n\n<h3 class=\"wp-block-heading\">Broadcast Traditional Media (Television, Radio, Documentaries, ..)&nbsp;&nbsp;<\/h3>\n\n\n\n<ul class=\"wp-block-list\">\n<li>Documentary about Cybersecurity with Alaraby TV in the program Kontu Hunak<\/li>\n<\/ul>\n\n\n\n<div class=\"wp-block-columns is-layout-flex wp-container-core-columns-is-layout-28f84493 wp-block-columns-is-layout-flex\">\n<div class=\"wp-block-column is-layout-flow wp-block-column-is-layout-flow\">\n<figure class=\"wp-block-image size-full is-resized\"><img loading=\"lazy\" decoding=\"async\" width=\"903\" height=\"503\" src=\"http:\/\/rabihamhaz.com\/wp-content\/uploads\/2025\/08\/Capture-decran-2025-08-17-140209.png\" alt=\"\" class=\"wp-image-332\" style=\"aspect-ratio:1.7953351544442109;width:307px;height:auto\" srcset=\"https:\/\/rabihamhaz.com\/wp-content\/uploads\/2025\/08\/Capture-decran-2025-08-17-140209.png 903w, https:\/\/rabihamhaz.com\/wp-content\/uploads\/2025\/08\/Capture-decran-2025-08-17-140209-300x167.png 300w, https:\/\/rabihamhaz.com\/wp-content\/uploads\/2025\/08\/Capture-decran-2025-08-17-140209-768x428.png 768w\" sizes=\"auto, (max-width: 903px) 100vw, 903px\" \/><\/figure>\n<\/div>\n\n\n\n<div class=\"wp-block-column is-layout-flow wp-block-column-is-layout-flow\">\n<p>\u0648\u062b\u0627\u0626\u0642\u064a&nbsp;<strong>\u0647\u062c\u0648\u0645 \u0646\u0648\u062a\u0628\u064a\u062a\u064a\u0627&nbsp;<\/strong><\/p>\n\n\n\n<figure class=\"wp-block-embed is-type-video is-provider-youtube wp-block-embed-youtube wp-embed-aspect-16-9 wp-has-aspect-ratio\"><div class=\"wp-block-embed__wrapper\">\n<iframe loading=\"lazy\" title=\"\u0647\u062c\u0648\u0645 \u0646\u0648\u062a \u0628\u064a\u062a\u064a\u0627 .. \u062e\u0641\u0627\u064a\u0627 \u0641\u064a\u0631\u0648\u0633 \u0627\u0644\u0641\u062f\u064a\u0629 \u0627\u0644\u0631\u0648\u0633\u064a \u0627\u0644\u0623\u0643\u062b\u0631 \u062a\u062f\u0645\u064a\u0631\u0627 \u0641\u064a \u062a\u0627\u0631\u064a\u062e \u0627\u0644\u0625\u0646\u062a\u0631\u0646\u062a | \u0643\u0646\u062a \u0647\u0646\u0627\u0643\" width=\"500\" height=\"281\" src=\"https:\/\/www.youtube.com\/embed\/hWrVsdqV03g?feature=oembed\" frameborder=\"0\" allow=\"accelerometer; autoplay; clipboard-write; encrypted-media; gyroscope; picture-in-picture; web-share\" referrerpolicy=\"strict-origin-when-cross-origin\" allowfullscreen><\/iframe>\n<\/div><\/figure>\n<\/div>\n<\/div>\n\n\n\n<h3 class=\"wp-block-heading\">New Media (Podcasts, eBooks, Discussion Groups, Youtube, ..)&nbsp;&nbsp;<\/h3>\n\n\n\n<ul class=\"wp-block-list\">\n<li><strong>\ud83c\udf99\ufe0fPodcast<\/strong> with <a href=\"https:\/\/www.thebrainsfactory.com\/en\/lepodcast\/episode\/1f2e192b\/5-ia-de-confiance-pourquoi-est-il-si-difficile-de-faire-confiance-a-une-ia\">The Brain Factory<\/a> (Lydia Bessai)<br>\u201cLa confiance en IA, can we trust AI? When we will do it?\u201d<\/li>\n\n\n\n<li>Youtube channel \ud83d\udfe5: <a href=\"https:\/\/www.youtube.com\/channel\/UCrXxSFwGsBFIwQYlXTULh1g\">https:\/\/www.youtube.com\/channel\/UCrXxSFwGsBFIwQYlXTULh1g<\/a>&nbsp;<\/li>\n\n\n\n<li><strong>Youtube Conferences videos :<\/strong>\n<ul class=\"wp-block-list\">\n<li>\u00ab\u00a0<strong>Attention Sparked the Revolution. What Will the MIND Complex System Do Next?<\/strong>\u00a0\u00bb Visionary Lecture at the University of Fribourg. Link: <a href=\"https:\/\/youtu.be\/Z1dUBf5A9Qk?si=rKugKt_LBTPqWcdu\">https:\/\/youtu.be\/Z1dUBf5A9Qk?si=rKugKt_LBTPqWcdu<\/a> <\/li>\n\n\n\n<li><strong>\u201cTrusted AI for Cybers\u00e9curity\u201d<\/strong> public conference in French organised by Gouverneur Militaire de Strasbourg au Palais du gouverneur.&nbsp;Link: <a href=\"https:\/\/youtu.be\/g50W7ohZHRU?si=N18iyABIA_olAvQw\">https:\/\/youtu.be\/g50W7ohZHRU?si=N18iyABIA_olAvQw<\/a><\/li>\n\n\n\n<li><strong>\u201cThe Trilogy of Technology for e-Logistics Jobs\u201d<\/strong> private conference in French for the University of Versailles.&nbsp;Link: <a href=\"https:\/\/rabihamhaz.com\/index.php\/2024\/02\/10\/the-trilogy-of-technology-for-e-logistics-jobs\/\">https:\/\/rabihamhaz.com\/index.php\/2024\/02\/10\/the-trilogy-of-technology-for-e-logistics-jobs\/<\/a> <\/li>\n\n\n\n<li><strong>\u201cDemystifying generative AI and Ecological Impact\u201d<\/strong> public conference in French. <\/li>\n\n\n\n<li><strong>\u201cTeaching and Monitoring Jobs in the era of generative artificial intelligence\u201d<\/strong> private conference in French with CSFC Syndic des formateurs dans la r\u00e9gion Grand Est,&nbsp;<\/li>\n\n\n\n<li><strong>\u201cImmersive VR, AR and mix reality in industry and AI research\u201d<\/strong> public conference in French (<a href=\"https:\/\/rabihamhaz.com\/index.php\/2024\/04\/25\/recherche-en-ia\/\">link<\/a>)<\/li>\n\n\n\n<li>Webinar Presentation of <strong>MS-ASPII<\/strong> of Icam. Link:<a href=\"https:\/\/youtu.be\/avTZnK6-Vic\"> https:\/\/youtu.be\/avTZnK6-Vic<\/a> in Arabic.<\/li>\n\n\n\n<li>Webinar <strong>\u00ab\u00a0M\u00e9tiers de la Cybers\u00e9curit\u00e9\u00a0\u00bb<\/strong> with Service Orientation R\u00e9gion Grand Est :<a href=\"https:\/\/youtu.be\/vDtJ8puxr2w\"> https:\/\/youtu.be\/vDtJ8puxr2w<\/a><\/li>\n<\/ul>\n<\/li>\n<\/ul>\n<\/div><\/div>\n\n\n\n<figure class=\"wp-block-embed is-type-video is-provider-youtube wp-block-embed-youtube wp-embed-aspect-16-9 wp-has-aspect-ratio\"><div class=\"wp-block-embed__wrapper\">\n<iframe loading=\"lazy\" title=\"Attention Sparked the Revolution. What Will the MIND Complex System Do Next?\" width=\"500\" height=\"281\" src=\"https:\/\/www.youtube.com\/embed\/Z1dUBf5A9Qk?feature=oembed\" frameborder=\"0\" allow=\"accelerometer; autoplay; clipboard-write; encrypted-media; gyroscope; picture-in-picture; web-share\" referrerpolicy=\"strict-origin-when-cross-origin\" allowfullscreen><\/iframe>\n<\/div><\/figure>\n","protected":false},"excerpt":{"rendered":"","protected":false},"author":1,"featured_media":0,"parent":0,"menu_order":0,"comment_status":"closed","ping_status":"closed","template":"templates\/boxed-trans-header-page-builder.php","meta":{"site-container-style":"default","site-container-layout":"default","site-sidebar-layout":"default","site-transparent-header":"default","prose-style":"enable","disable-article-header":"default","disable-site-header":"default","disable-site-footer":"default","disable-content-area-spacing":"default","footnotes":""},"class_list":["post-19","page","type-page","status-publish","hentry"],"_links":{"self":[{"href":"https:\/\/rabihamhaz.com\/index.php\/wp-json\/wp\/v2\/pages\/19","targetHints":{"allow":["GET"]}}],"collection":[{"href":"https:\/\/rabihamhaz.com\/index.php\/wp-json\/wp\/v2\/pages"}],"about":[{"href":"https:\/\/rabihamhaz.com\/index.php\/wp-json\/wp\/v2\/types\/page"}],"author":[{"embeddable":true,"href":"https:\/\/rabihamhaz.com\/index.php\/wp-json\/wp\/v2\/users\/1"}],"replies":[{"embeddable":true,"href":"https:\/\/rabihamhaz.com\/index.php\/wp-json\/wp\/v2\/comments?post=19"}],"version-history":[{"count":9,"href":"https:\/\/rabihamhaz.com\/index.php\/wp-json\/wp\/v2\/pages\/19\/revisions"}],"predecessor-version":[{"id":403,"href":"https:\/\/rabihamhaz.com\/index.php\/wp-json\/wp\/v2\/pages\/19\/revisions\/403"}],"wp:attachment":[{"href":"https:\/\/rabihamhaz.com\/index.php\/wp-json\/wp\/v2\/media?parent=19"}],"curies":[{"name":"wp","href":"https:\/\/api.w.org\/{rel}","templated":true}]}}